{"id":67,"date":"2014-05-12T07:21:16","date_gmt":"2014-05-12T07:21:16","guid":{"rendered":"http:\/\/medialabmx.org\/processing\/?page_id=67"},"modified":"2014-05-12T16:09:20","modified_gmt":"2014-05-12T16:09:20","slug":"computer-vision","status":"publish","type":"page","link":"http:\/\/medialabmx.org\/processing\/topicos-avanzados\/computer-vision\/","title":{"rendered":"Computer Vision"},"content":{"rendered":"<p>Ejemplo 1: Punto m\u00e1s claro<\/p>\n<p><script src=\"https:\/\/gist.github.com\/leonardoaranda1981\/9b9c8c76c0dbd54358ed.js\"><\/script><\/p>\n<p>Ejemplo 2: Detecci\u00f3n de contornos<\/p>\n<p><script src=\"https:\/\/gist.github.com\/leonardoaranda1981\/f07a6c4a758f2397d03d.js\"><\/script><\/p>\n<p>Ejemplo 3: Sustracci\u00f3n de fondo<\/p>\n<p><script src=\"https:\/\/gist.github.com\/leonardoaranda1981\/b14a76e579bc827a4567.js\"><\/script><\/p>\n<p>Ejemplo 3: Detecci\u00f3n de rostros<\/p>\n<p><script src=\"https:\/\/gist.github.com\/leonardoaranda1981\/3b4e3ede7e3f4b0fbbb5.js\"><\/script><\/p>\n","protected":false},"excerpt":{"rendered":"<p>Ejemplo 1: Punto m\u00e1s claro Ejemplo 2: Detecci\u00f3n de contornos Ejemplo 3: Sustracci\u00f3n de fondo Ejemplo 3: Detecci\u00f3n de rostros<\/p>\n","protected":false},"author":1,"featured_media":0,"parent":29,"menu_order":0,"comment_status":"open","ping_status":"open","template":"","meta":{"footnotes":""},"class_list":["post-67","page","type-page","status-publish","hentry"],"_links":{"self":[{"href":"http:\/\/medialabmx.org\/processing\/wp-json\/wp\/v2\/pages\/67","targetHints":{"allow":["GET"]}}],"collection":[{"href":"http:\/\/medialabmx.org\/processing\/wp-json\/wp\/v2\/pages"}],"about":[{"href":"http:\/\/medialabmx.org\/processing\/wp-json\/wp\/v2\/types\/page"}],"author":[{"embeddable":true,"href":"http:\/\/medialabmx.org\/processing\/wp-json\/wp\/v2\/users\/1"}],"replies":[{"embeddable":true,"href":"http:\/\/medialabmx.org\/processing\/wp-json\/wp\/v2\/comments?post=67"}],"version-history":[{"count":5,"href":"http:\/\/medialabmx.org\/processing\/wp-json\/wp\/v2\/pages\/67\/revisions"}],"predecessor-version":[{"id":72,"href":"http:\/\/medialabmx.org\/processing\/wp-json\/wp\/v2\/pages\/67\/revisions\/72"}],"up":[{"embeddable":true,"href":"http:\/\/medialabmx.org\/processing\/wp-json\/wp\/v2\/pages\/29"}],"wp:attachment":[{"href":"http:\/\/medialabmx.org\/processing\/wp-json\/wp\/v2\/media?parent=67"}],"curies":[{"name":"wp","href":"https:\/\/api.w.org\/{rel}","templated":true}]}}